{"id":280,"date":"2025-05-10T13:03:59","date_gmt":"2025-05-10T13:03:59","guid":{"rendered":"https:\/\/estudies.co\/?page_id=280"},"modified":"2025-05-10T13:03:59","modified_gmt":"2025-05-10T13:03:59","slug":"contact","status":"publish","type":"page","link":"https:\/\/monaddicto.com\/index.php\/contact\/","title":{"rendered":"Contact"},"content":{"rendered":"<p>Contactez-nous\n<\/p>\n<p>\t\tNOUS SOMMES \u00c0 VOTRE SERVICE<\/p>\n<h2>Contactez-nous pour Toute Assistance<br \/>\n<\/h2>\n<p>\t\tChez Estudies, nous sommes d\u00e9termin\u00e9s \u00e0 vous offrir le meilleur service possible.<br \/>\nSi vous avez des questions, des commentaires ou des besoins sp\u00e9cifiques, n\u2019h\u00e9sitez pas \u00e0 nous contacter.<br \/>\nNotre \u00e9quipe exp\u00e9riment\u00e9e est l\u00e0 pour vous aider!<br \/>\nVous pouvez choisir la m\u00e9thode de contact qui vous convient le mieux parmi les options ci-dessous.<br \/>\nNous attendons avec impatience de vous entendre et de vous aider dans les plus brefs d\u00e9lais.<br \/>\nSi vous \u00eates en situation de handicap, veuillez nous contacter via un de nos formulaires ci-dessous.<br \/>\n\t\t\t\t<a href=\"mailto:contact@estudies.co\" tabindex=\"-1\" aria-label=\"Email\"><br \/>\n\t\t\t\t<svg aria-hidden=\"true\" viewBox=\"0 0 512 512\" xmlns=\"http:\/\/www.w3.org\/2000\/svg\"><path d=\"M464 64H48C21.49 64 0 85.49 0 112v288c0 26.51 21.49 48 48 48h416c26.51 0 48-21.49 48-48V112c0-26.51-21.49-48-48-48zm0 48v40.805c-22.422 18.259-58.168 46.651-134.587 106.49-16.841 13.247-50.201 45.072-73.413 44.701-23.208.375-56.579-31.459-73.413-44.701C106.18 199.465 70.425 171.067 48 152.805V112h416zM48 400V214.398c22.914 18.251 55.409 43.862 104.938 82.646 21.857 17.205 60.134 55.186 103.062 54.955 42.717.231 80.509-37.199 103.053-54.947 49.528-38.783 82.032-64.401 104.947-82.653V400H48z\"><\/path><\/svg>\t\t\t\t<\/a><\/p>\n<h3>\n\t\t\t\t\t\t<a href=\"mailto:contact@estudies.co\" ><br \/>\n\t\t\t\t\t\t\tEmail\t\t\t\t\t\t<\/a><br \/>\n\t\t\t\t\t<\/h3>\n<p>\n\t\t\t\t\t\tcontact@estudies.co\n\t\t\t\t\t<\/p>\n<p>\t\t\t\t<a href=\"tel:+33189719930\" tabindex=\"-1\" aria-label=\"T\u00e9l\u00e9phone\"><br \/>\n\t\t\t\t<svg aria-hidden=\"true\" viewBox=\"0 0 512 512\" xmlns=\"http:\/\/www.w3.org\/2000\/svg\"><path d=\"M497.39 361.8l-112-48a24 24 0 0 0-28 6.9l-49.6 60.6A370.66 370.66 0 0 1 130.6 204.11l60.6-49.6a23.94 23.94 0 0 0 6.9-28l-48-112A24.16 24.16 0 0 0 122.6.61l-104 24A24 24 0 0 0 0 48c0 256.5 207.9 464 464 464a24 24 0 0 0 23.4-18.6l24-104a24.29 24.29 0 0 0-14.01-27.6z\"><\/path><\/svg>\t\t\t\t<\/a><\/p>\n<h3>\n\t\t\t\t\t\t<a href=\"tel:+33189719930\" ><br \/>\n\t\t\t\t\t\t\tT\u00e9l\u00e9phone\t\t\t\t\t\t<\/a><br \/>\n\t\t\t\t\t<\/h3>\n<p>\n\t\t\t\t\t\t+33 1 89 71 99 30\t\t\t\t\t<\/p>\n<p>\t\t\t\t<svg aria-hidden=\"true\" viewBox=\"0 0 384 512\" xmlns=\"http:\/\/www.w3.org\/2000\/svg\"><path d=\"M172.268 501.67C26.97 291.031 0 269.413 0 192 0 85.961 85.961 0 192 0s192 85.961 192 192c0 77.413-26.97 99.031-172.268 309.67-9.535 13.774-29.93 13.773-39.464 0zM192 272c44.183 0 80-35.817 80-80s-35.817-80-80-80-80 35.817-80 80 35.817 80 80 80z\"><\/path><\/svg>\t\t\t\t<\/p>\n<h3>\n\t\t\t\t\t\t\tEmplacement<br \/>\n\t\t\t\t\t<\/h3>\n<p>\n\t\t\t\t\t\t5 All\u00e9e Saint Just Plaisir 78370\t\t\t\t\t<\/p>\n<p>Notre Adress Sur Google Maps\n<\/p>\n<h2>Vous pourrez trouver notre Adresse ici!<br \/>\n<\/h2>\n<h3>Des formateurs experts<br \/>\n<\/h3>\n<p>Retrouvez-nous facilement et planifiez votre visite gr\u00e2ce \u00e0 Google Maps ! Pour une localisation pr\u00e9cise et des itin\u00e9raires d\u00e9taill\u00e9s, cliquez ici pour afficher notre adresse postale directement sur la carte.<\/p>\n<p>Nous avons h\u00e2te de vous accueillir!<\/p>\n<h3>Contactez-Nous<br \/>\n<\/h3>\n<p>\t\t\t\t<svg aria-hidden=\"true\" viewBox=\"0 0 512 512\" xmlns=\"http:\/\/www.w3.org\/2000\/svg\"><path d=\"M256 8C119 8 8 119 8 256s111 248 248 248 248-111 248-248S393 8 256 8zm0 448c-110.5 0-200-89.5-200-200S145.5 56 256 56s200 89.5 200 200-89.5 200-200 200zm61.8-104.4l-84.9-61.7c-3.1-2.3-4.9-5.9-4.9-9.7V116c0-6.6 5.4-12 12-12h32c6.6 0 12 5.4 12 12v141.7l66.8 48.6c5.4 3.9 6.5 11.4 2.6 16.8L334.6 349c-3.9 5.3-11.4 6.5-16.8 2.6z\"><\/path><\/svg>\t\t\t\t<\/p>\n<p>\n\t\t\t\t\t\t\tLundi \u2013 Vendredi\n\t\t\t\t\t<\/p>\n<p>\n\t\t\t\t\t\t08:00 &#8211; 12:00<br \/>14:00 &#8211; 18:00\t\t\t\t\t<\/p>\n<p>\t\t5 All\u00e9e Saint Just<br \/>\nPlaisir 78370<br \/>\n\t\t\t<iframe loading=\"lazy\"\n\t\t\t\t\tsrc=\"https:\/\/maps.google.com\/maps?q=5%20All%C3%A9e%20Saint%20Just%20Plaisir%2078370&#038;t=m&#038;z=10&#038;output=embed&#038;iwloc=near\"\n\t\t\t\t\ttitle=\"5 All\u00e9e Saint Just Plaisir 78370\"\n\t\t\t\t\taria-label=\"5 All\u00e9e Saint Just Plaisir 78370\"\n\t\t\t><\/iframe><\/p>\n<p>Formulaire De  Contact\n<\/p>\n<h2>Veuillez renseigner vos informations pour \u00eatre contact\u00e9s par un de nos agents<\/h2>\n<p>Questions fr\u00e9quentes\n<\/p>\n<h2>Vous avez des questions ?<br \/>\n<\/h2>\n<p>\t\tConsultez nos r\u00e9ponses aux questions les plus fr\u00e9quemment pos\u00e9es\t\t<\/p>\n<h4>Sous quel d\u00e9lai puis-je esp\u00e9rer une r\u00e9ponse ?<br \/>\n<\/h4>\n<p>\t\tNous nous engageons \u00e0 r\u00e9pondre \u00e0 toutes les demandes dans un d\u00e9lai de 24 \u00e0 48 heures ouvr\u00e9es.<\/p>\n<h4>Comment puis-je m&#8217;inscrire \u00e0 une formation ?<br \/>\n<\/h4>\n<p>\t\tVous pouvez vous inscrire directement via notre site en cliquant sur le bouton &#8220;S&#8217;inscrire&#8221; ou nous contacter via ce formulaire pour \u00eatre accompagn\u00e9 dans votre d\u00e9marche.<\/p>\n<h4>Est-il possible d&#8217;adapter la formation \u00e0 mes besoins sp\u00e9cifiques ?<br \/>\n<\/h4>\n<p>\t\tAbsolument ! Nous proposons des formations personnalis\u00e9es. N&#8217;h\u00e9sitez pas \u00e0 nous d\u00e9tailler vos besoins sp\u00e9cifiques dans votre message.\t\t<\/p>\n<p>Rejoignez-Nous d\u00e8s Aujourd&#8217;hui\u200b\n<\/p>\n<h2>Venez vite d\u00e9couvrir nos formations\u200b<br \/>\n<\/h2>\n<p>\t\tEt profitez d&#8217;une formation d&#8217;excellence, gr\u00e2ce \u00e0 Estudies!<br \/>\n\t\t\t\t\t<a href=\"https:\/\/estudies.co\/contact\/\"><br \/>\n\t\t\t\t\t\t\t\t\tS&#8217;inscrire maintenant<br \/>\n\t\t\t\t\t<\/a><\/p>\n","protected":false},"excerpt":{"rendered":"<p>Contactez-nous NOUS SOMMES \u00c0 VOTRE SERVICE Contactez-nous pour Toute Assistance Chez Estudies, nous sommes d\u00e9termin\u00e9s \u00e0 vous offrir le meilleur service possible. Si vous avez des questions, des commentaires ou des besoins sp\u00e9cifiques, n\u2019h\u00e9sitez pas \u00e0 nous contacter. Notre \u00e9quipe exp\u00e9riment\u00e9e est l\u00e0 pour vous aider! Vous pouvez choisir la m\u00e9thode de contact qui vous [&hellip;]<\/p>\n","protected":false},"author":1,"featured_media":0,"parent":0,"menu_order":0,"comment_status":"closed","ping_status":"closed","template":"elementor_header_footer","meta":{"footnotes":""},"class_list":["post-280","page","type-page","status-publish","hentry"],"_links":{"self":[{"href":"https:\/\/monaddicto.com\/index.php\/wp-json\/wp\/v2\/pages\/280","targetHints":{"allow":["GET"]}}],"collection":[{"href":"https:\/\/monaddicto.com\/index.php\/wp-json\/wp\/v2\/pages"}],"about":[{"href":"https:\/\/monaddicto.com\/index.php\/wp-json\/wp\/v2\/types\/page"}],"author":[{"embeddable":true,"href":"https:\/\/monaddicto.com\/index.php\/wp-json\/wp\/v2\/users\/1"}],"replies":[{"embeddable":true,"href":"https:\/\/monaddicto.com\/index.php\/wp-json\/wp\/v2\/comments?post=280"}],"version-history":[{"count":0,"href":"https:\/\/monaddicto.com\/index.php\/wp-json\/wp\/v2\/pages\/280\/revisions"}],"wp:attachment":[{"href":"https:\/\/monaddicto.com\/index.php\/wp-json\/wp\/v2\/media?parent=280"}],"curies":[{"name":"wp","href":"https:\/\/api.w.org\/{rel}","templated":true}]}}